{"id":6498,"date":"2025-11-17T16:55:08","date_gmt":"2025-11-17T14:55:08","guid":{"rendered":"https:\/\/www.eurooppalainensuomi.fi\/?page_id=6498"},"modified":"2025-12-10T12:57:20","modified_gmt":"2025-12-10T10:57:20","slug":"tyo-ja-harjoittelupaikat","status":"publish","type":"page","link":"https:\/\/www.eurooppalainensuomi.fi\/tyo-ja-harjoittelupaikat","title":{"rendered":"Ty\u00f6- ja harjoittelupaikat"},"content":{"rendered":"<p>[et_pb_section fb_built=&#8221;1&#8243; custom_padding_last_edited=&#8221;on|phone&#8221; _builder_version=&#8221;4.17.6&#8243; _module_preset=&#8221;default&#8221; background_image=&#8221;https:\/\/www.eurooppalainensuomi.fi\/wp-content\/uploads\/2025\/12\/Tyo-ja-harjoittelupaikat.jpg&#8221; custom_padding=&#8221;200px||200px||false|false&#8221; custom_padding_tablet=&#8221;200px||200px||false|false&#8221; custom_padding_phone=&#8221;80px||80px||false|false&#8221; da_disable_devices=&#8221;off|off|off&#8221; locked=&#8221;off&#8221; global_colors_info=&#8221;{}&#8221; da_is_popup=&#8221;off&#8221; da_exit_intent=&#8221;off&#8221; da_has_close=&#8221;on&#8221; da_alt_close=&#8221;off&#8221; da_dark_close=&#8221;off&#8221; da_not_modal=&#8221;on&#8221; da_is_singular=&#8221;off&#8221; da_with_loader=&#8221;off&#8221; da_has_shadow=&#8221;on&#8221;][et_pb_row _builder_version=&#8221;4.17.6&#8243; _module_preset=&#8221;default&#8221; global_colors_info=&#8221;{}&#8221;][et_pb_column type=&#8221;4_4&#8243; _builder_version=&#8221;4.17.6&#8243; _module_preset=&#8221;default&#8221; global_colors_info=&#8221;{}&#8221;][et_pb_text _builder_version=&#8221;4.17.6&#8243; _module_preset=&#8221;default&#8221; text_font=&#8221;Roboto Condensed|700|||||||&#8221; text_text_color=&#8221;#FFFFFF&#8221; text_font_size=&#8221;80px&#8221; text_line_height=&#8221;1em&#8221; hover_enabled=&#8221;0&#8243; text_font_size_tablet=&#8221;80px&#8221; text_font_size_phone=&#8221;60px&#8221; text_font_size_last_edited=&#8221;on|phone&#8221; locked=&#8221;off&#8221; global_colors_info=&#8221;{}&#8221; sticky_enabled=&#8221;0&#8243;]<\/p>\n<p>TY\u00d6- JA HARJOIT&shy;TELU&shy;PAIKAT<\/p>\n<p>[\/et_pb_text][\/et_pb_column][\/et_pb_row][\/et_pb_section][et_pb_section fb_built=&#8221;1&#8243; _builder_version=&#8221;4.17.6&#8243; _module_preset=&#8221;default&#8221; da_disable_devices=&#8221;off|off|off&#8221; global_colors_info=&#8221;{}&#8221; da_is_popup=&#8221;off&#8221; da_exit_intent=&#8221;off&#8221; da_has_close=&#8221;on&#8221; da_alt_close=&#8221;off&#8221; da_dark_close=&#8221;off&#8221; da_not_modal=&#8221;on&#8221; da_is_singular=&#8221;off&#8221; da_with_loader=&#8221;off&#8221; da_has_shadow=&#8221;on&#8221;][et_pb_row _builder_version=&#8221;4.17.6&#8243; _module_preset=&#8221;default&#8221; global_colors_info=&#8221;{}&#8221;][et_pb_column type=&#8221;4_4&#8243; _builder_version=&#8221;4.17.6&#8243; _module_preset=&#8221;default&#8221; global_colors_info=&#8221;{}&#8221;][et_pb_text _builder_version=&#8221;4.17.6&#8243; _module_preset=&#8221;default&#8221; text_font=&#8221;Roboto Condensed||||||||&#8221; text_text_color=&#8221;#1A366D&#8221; text_font_size=&#8221;18px&#8221; text_line_height=&#8221;1.2em&#8221; locked=&#8221;off&#8221; global_colors_info=&#8221;{}&#8221;]<\/p>\n<p><span style=\"font-weight: 400;\">Kerromme avoimista ty\u00f6- ja harjoittelupaikoista t\u00e4ll\u00e4 sivulla. Harjoittelupaikkoja meill\u00e4 avautuu yleens\u00e4 vuosittain. Avaamme harjoitteluhaun useimmiten tammi-helmikuussa 2-3 kuukauden harjoitteluun kev\u00e4\u00e4lle. Valitut harjoittelijat voivat halutessaan mahdollisesti jatkaa uudella 2-3 kuukauden harjoittelusopimuksella syksyll\u00e4.<\/span><\/p>\n<p><span style=\"font-weight: 400;\">Seuraa verkkosivujamme tai seuraa meit\u00e4 sosiaalisessa mediassa pysy\u00e4ksesi ajan tasalla tulevista mahdollisuuksista.<\/span><\/p>\n<p>[\/et_pb_text][et_pb_text _builder_version=&#8221;4.17.6&#8243; _module_preset=&#8221;default&#8221; text_font=&#8221;Inter|800|||||||&#8221; text_text_color=&#8221;#172f88&#8243; text_font_size=&#8221;40px&#8221; text_line_height=&#8221;1em&#8221; custom_padding=&#8221;||5px||false|false&#8221; custom_css_main_element=&#8221;border-bottom: 3px solid #D0005F;&#8221; locked=&#8221;off&#8221; global_colors_info=&#8221;{}&#8221;]<\/p>\n<p>Avoimet paikat<\/p>\n<p>[\/et_pb_text][et_pb_blog fullwidth=&#8221;off&#8221; posts_number=&#8221;9&#8243; include_categories=&#8221;133&#8243; _builder_version=&#8221;4.17.6&#8243; _module_preset=&#8221;default&#8221; header_font=&#8221;Inter|800|||||||&#8221; header_text_color=&#8221;#1a366d&#8221; body_font=&#8221;Roboto Condensed||||||||&#8221; body_text_color=&#8221;#1a366d&#8221; body_font_size=&#8221;16px&#8221; body_line_height=&#8221;1.2em&#8221; meta_font=&#8221;Poppins||||||||&#8221; meta_font_size=&#8221;12px&#8221; pagination_text_align=&#8221;center&#8221; custom_css_main_element=&#8221;\/* Base *\/||.wp-pagenavi a,||.wp-pagenavi span {||  border: none !important;||  background: none !important;||  box-shadow: none !important;||  text-decoration: none !important;||  margin: 0 6px;||  padding: 0 4px;||  color: #143d74;||  font-weight: 400 !important; \/* regular by default *\/||  position: relative;|| \tfont-family: &#8216;Inter&#8217;, sans-serif;||}||||\/* Current page *\/||.wp-pagenavi span.current {||  font-weight: 900 !important; \/* ultrabold *\/||  color: #143d74 !important;||}||||.wp-pagenavi span.current::after {||  content: %22%22;||  position: absolute;||  left: 0;||  right: 0;||  bottom: -6px;||  height: 5px;||  background: #ff3399; \/* pink underline *\/||  border-radius: 3px;||}||||\/* Hovered page *\/||.wp-pagenavi a:hover {||  font-weight: 900 !important;||  color: #ff3399 !important;||}||||\/* Make \u201cPage X of Y\u201d, \u201cFirst\u201d, and \u201cLast\u201d ultrabold *\/||.wp-pagenavi .pages,||.wp-pagenavi a.first,||.wp-pagenavi a.last {||  font-weight: 900 !important;||  color: #143d74 !important;||}||||\/* Keep prev\/next and &#8230; normal *\/||.wp-pagenavi a.previouspostslink,||.wp-pagenavi a.nextpostslink,||.wp-pagenavi span.extend {||  font-weight: 400 !important;||  color: #143d74 !important;||}||&#8221; locked=&#8221;off&#8221; global_colors_info=&#8221;{}&#8221;][\/et_pb_blog][\/et_pb_column][\/et_pb_row][\/et_pb_section]<\/p>\n","protected":false},"excerpt":{"rendered":"<p>TY\u00d6- JA HARJOIT&shy;TELU&shy;PAIKATKerromme avoimista ty\u00f6- ja harjoittelupaikoista t\u00e4ll\u00e4 sivulla. Harjoittelupaikkoja meill\u00e4 avautuu yleens\u00e4 vuosittain. Avaamme harjoitteluhaun useimmiten tammi-helmikuussa 2-3 kuukauden harjoitteluun kev\u00e4\u00e4lle. Valitut harjoittelijat voivat halutessaan mahdollisesti jatkaa uudella 2-3 kuukauden harjoittelusopimuksella syksyll\u00e4. Seuraa verkkosivujamme tai seuraa meit\u00e4 sosiaalisessa mediassa pysy\u00e4ksesi ajan tasalla tulevista mahdollisuuksista.Avoimet paikat<\/p>\n","protected":false},"author":5,"featured_media":0,"parent":0,"menu_order":0,"comment_status":"closed","ping_status":"closed","template":"","meta":{"_et_pb_use_builder":"on","_et_pb_old_content":"","_et_gb_content_width":""},"yoast_head":"<!-- This site is optimized with the Yoast SEO plugin v19.13 - https:\/\/yoast.com\/wordpress\/plugins\/seo\/ -->\n<title>Ty\u00f6- ja harjoittelupaikat - Eurooppalainen Suomi<\/title>\n<meta name=\"robots\" content=\"index, follow, max-snippet:-1, max-image-preview:large, max-video-preview:-1\" \/>\n<link rel=\"canonical\" href=\"https:\/\/www.eurooppalainensuomi.fi\/tyo-ja-harjoittelupaikat\" \/>\n<meta property=\"og:locale\" content=\"en_US\" \/>\n<meta property=\"og:type\" content=\"article\" \/>\n<meta property=\"og:title\" content=\"Ty\u00f6- ja harjoittelupaikat - Eurooppalainen Suomi\" \/>\n<meta property=\"og:description\" content=\"TY\u00d6- JA HARJOIT&shy;TELU&shy;PAIKATKerromme avoimista ty\u00f6- ja harjoittelupaikoista t\u00e4ll\u00e4 sivulla. Harjoittelupaikkoja meill\u00e4 avautuu yleens\u00e4 vuosittain. Avaamme harjoitteluhaun useimmiten tammi-helmikuussa 2-3 kuukauden harjoitteluun kev\u00e4\u00e4lle. Valitut harjoittelijat voivat halutessaan mahdollisesti jatkaa uudella 2-3 kuukauden harjoittelusopimuksella syksyll\u00e4. Seuraa verkkosivujamme tai seuraa meit\u00e4 sosiaalisessa mediassa pysy\u00e4ksesi ajan tasalla tulevista mahdollisuuksista.Avoimet paikat\" \/>\n<meta property=\"og:url\" content=\"https:\/\/www.eurooppalainensuomi.fi\/tyo-ja-harjoittelupaikat\" \/>\n<meta property=\"og:site_name\" content=\"Eurooppalainen Suomi\" \/>\n<meta property=\"article:publisher\" content=\"https:\/\/www.facebook.com\/eurooppalainensuomi\" \/>\n<meta property=\"article:modified_time\" content=\"2025-12-10T10:57:20+00:00\" \/>\n<meta name=\"twitter:card\" content=\"summary_large_image\" \/>\n<meta name=\"twitter:site\" content=\"@em_finland\" \/>\n<script type=\"application\/ld+json\" class=\"yoast-schema-graph\">{\"@context\":\"https:\/\/schema.org\",\"@graph\":[{\"@type\":\"WebPage\",\"@id\":\"https:\/\/www.eurooppalainensuomi.fi\/tyo-ja-harjoittelupaikat\",\"url\":\"https:\/\/www.eurooppalainensuomi.fi\/tyo-ja-harjoittelupaikat\",\"name\":\"Ty\u00f6- ja harjoittelupaikat - Eurooppalainen Suomi\",\"isPartOf\":{\"@id\":\"https:\/\/www.eurooppalainensuomi.fi\/#website\"},\"datePublished\":\"2025-11-17T14:55:08+00:00\",\"dateModified\":\"2025-12-10T10:57:20+00:00\",\"breadcrumb\":{\"@id\":\"https:\/\/www.eurooppalainensuomi.fi\/tyo-ja-harjoittelupaikat#breadcrumb\"},\"inLanguage\":\"en\",\"potentialAction\":[{\"@type\":\"ReadAction\",\"target\":[\"https:\/\/www.eurooppalainensuomi.fi\/tyo-ja-harjoittelupaikat\"]}]},{\"@type\":\"BreadcrumbList\",\"@id\":\"https:\/\/www.eurooppalainensuomi.fi\/tyo-ja-harjoittelupaikat#breadcrumb\",\"itemListElement\":[{\"@type\":\"ListItem\",\"position\":1,\"name\":\"Etusivu\",\"item\":\"https:\/\/www.eurooppalainensuomi.fi\/\"},{\"@type\":\"ListItem\",\"position\":2,\"name\":\"Ty\u00f6- ja harjoittelupaikat\"}]},{\"@type\":\"WebSite\",\"@id\":\"https:\/\/www.eurooppalainensuomi.fi\/#website\",\"url\":\"https:\/\/www.eurooppalainensuomi.fi\/\",\"name\":\"Eurooppalainen Suomi\",\"description\":\"Parempaa Eurooppaa rakentamassa\",\"publisher\":{\"@id\":\"https:\/\/www.eurooppalainensuomi.fi\/#organization\"},\"potentialAction\":[{\"@type\":\"SearchAction\",\"target\":{\"@type\":\"EntryPoint\",\"urlTemplate\":\"https:\/\/www.eurooppalainensuomi.fi\/?s={search_term_string}\"},\"query-input\":\"required name=search_term_string\"}],\"inLanguage\":\"en\"},{\"@type\":\"Organization\",\"@id\":\"https:\/\/www.eurooppalainensuomi.fi\/#organization\",\"name\":\"Eurooppalainen Suomi ry\",\"url\":\"https:\/\/www.eurooppalainensuomi.fi\/\",\"logo\":{\"@type\":\"ImageObject\",\"inLanguage\":\"en\",\"@id\":\"https:\/\/www.eurooppalainensuomi.fi\/#\/schema\/logo\/image\/\",\"url\":\"https:\/\/www.eurooppalainensuomi.fi\/wp-content\/uploads\/2021\/01\/PNG_large.png\",\"contentUrl\":\"https:\/\/www.eurooppalainensuomi.fi\/wp-content\/uploads\/2021\/01\/PNG_large.png\",\"width\":586,\"height\":220,\"caption\":\"Eurooppalainen Suomi ry\"},\"image\":{\"@id\":\"https:\/\/www.eurooppalainensuomi.fi\/#\/schema\/logo\/image\/\"},\"sameAs\":[\"https:\/\/instagram.com\/eurooppalainensuomi\",\"https:\/\/www.youtube.com\/channel\/UCBeqyrm1ze2RinjeAYS_-Jg\",\"https:\/\/fi.wikipedia.org\/wiki\/Eurooppalainen_Suomi\",\"https:\/\/www.facebook.com\/eurooppalainensuomi\",\"https:\/\/twitter.com\/em_finland\"]}]}<\/script>\n<!-- \/ Yoast SEO plugin. -->","yoast_head_json":{"title":"Ty\u00f6- ja harjoittelupaikat - Eurooppalainen Suomi","robots":{"index":"index","follow":"follow","max-snippet":"max-snippet:-1","max-image-preview":"max-image-preview:large","max-video-preview":"max-video-preview:-1"},"canonical":"https:\/\/www.eurooppalainensuomi.fi\/tyo-ja-harjoittelupaikat","og_locale":"en_US","og_type":"article","og_title":"Ty\u00f6- ja harjoittelupaikat - Eurooppalainen Suomi","og_description":"TY\u00d6- JA HARJOIT&shy;TELU&shy;PAIKATKerromme avoimista ty\u00f6- ja harjoittelupaikoista t\u00e4ll\u00e4 sivulla. Harjoittelupaikkoja meill\u00e4 avautuu yleens\u00e4 vuosittain. Avaamme harjoitteluhaun useimmiten tammi-helmikuussa 2-3 kuukauden harjoitteluun kev\u00e4\u00e4lle. Valitut harjoittelijat voivat halutessaan mahdollisesti jatkaa uudella 2-3 kuukauden harjoittelusopimuksella syksyll\u00e4. Seuraa verkkosivujamme tai seuraa meit\u00e4 sosiaalisessa mediassa pysy\u00e4ksesi ajan tasalla tulevista mahdollisuuksista.Avoimet paikat","og_url":"https:\/\/www.eurooppalainensuomi.fi\/tyo-ja-harjoittelupaikat","og_site_name":"Eurooppalainen Suomi","article_publisher":"https:\/\/www.facebook.com\/eurooppalainensuomi","article_modified_time":"2025-12-10T10:57:20+00:00","twitter_card":"summary_large_image","twitter_site":"@em_finland","schema":{"@context":"https:\/\/schema.org","@graph":[{"@type":"WebPage","@id":"https:\/\/www.eurooppalainensuomi.fi\/tyo-ja-harjoittelupaikat","url":"https:\/\/www.eurooppalainensuomi.fi\/tyo-ja-harjoittelupaikat","name":"Ty\u00f6- ja harjoittelupaikat - Eurooppalainen Suomi","isPartOf":{"@id":"https:\/\/www.eurooppalainensuomi.fi\/#website"},"datePublished":"2025-11-17T14:55:08+00:00","dateModified":"2025-12-10T10:57:20+00:00","breadcrumb":{"@id":"https:\/\/www.eurooppalainensuomi.fi\/tyo-ja-harjoittelupaikat#breadcrumb"},"inLanguage":"en","potentialAction":[{"@type":"ReadAction","target":["https:\/\/www.eurooppalainensuomi.fi\/tyo-ja-harjoittelupaikat"]}]},{"@type":"BreadcrumbList","@id":"https:\/\/www.eurooppalainensuomi.fi\/tyo-ja-harjoittelupaikat#breadcrumb","itemListElement":[{"@type":"ListItem","position":1,"name":"Etusivu","item":"https:\/\/www.eurooppalainensuomi.fi\/"},{"@type":"ListItem","position":2,"name":"Ty\u00f6- ja harjoittelupaikat"}]},{"@type":"WebSite","@id":"https:\/\/www.eurooppalainensuomi.fi\/#website","url":"https:\/\/www.eurooppalainensuomi.fi\/","name":"Eurooppalainen Suomi","description":"Parempaa Eurooppaa rakentamassa","publisher":{"@id":"https:\/\/www.eurooppalainensuomi.fi\/#organization"},"potentialAction":[{"@type":"SearchAction","target":{"@type":"EntryPoint","urlTemplate":"https:\/\/www.eurooppalainensuomi.fi\/?s={search_term_string}"},"query-input":"required name=search_term_string"}],"inLanguage":"en"},{"@type":"Organization","@id":"https:\/\/www.eurooppalainensuomi.fi\/#organization","name":"Eurooppalainen Suomi ry","url":"https:\/\/www.eurooppalainensuomi.fi\/","logo":{"@type":"ImageObject","inLanguage":"en","@id":"https:\/\/www.eurooppalainensuomi.fi\/#\/schema\/logo\/image\/","url":"https:\/\/www.eurooppalainensuomi.fi\/wp-content\/uploads\/2021\/01\/PNG_large.png","contentUrl":"https:\/\/www.eurooppalainensuomi.fi\/wp-content\/uploads\/2021\/01\/PNG_large.png","width":586,"height":220,"caption":"Eurooppalainen Suomi ry"},"image":{"@id":"https:\/\/www.eurooppalainensuomi.fi\/#\/schema\/logo\/image\/"},"sameAs":["https:\/\/instagram.com\/eurooppalainensuomi","https:\/\/www.youtube.com\/channel\/UCBeqyrm1ze2RinjeAYS_-Jg","https:\/\/fi.wikipedia.org\/wiki\/Eurooppalainen_Suomi","https:\/\/www.facebook.com\/eurooppalainensuomi","https:\/\/twitter.com\/em_finland"]}]}},"_links":{"self":[{"href":"https:\/\/www.eurooppalainensuomi.fi\/index.php?rest_route=\/wp\/v2\/pages\/6498"}],"collection":[{"href":"https:\/\/www.eurooppalainensuomi.fi\/index.php?rest_route=\/wp\/v2\/pages"}],"about":[{"href":"https:\/\/www.eurooppalainensuomi.fi\/index.php?rest_route=\/wp\/v2\/types\/page"}],"author":[{"embeddable":true,"href":"https:\/\/www.eurooppalainensuomi.fi\/index.php?rest_route=\/wp\/v2\/users\/5"}],"replies":[{"embeddable":true,"href":"https:\/\/www.eurooppalainensuomi.fi\/index.php?rest_route=%2Fwp%2Fv2%2Fcomments&post=6498"}],"version-history":[{"count":7,"href":"https:\/\/www.eurooppalainensuomi.fi\/index.php?rest_route=\/wp\/v2\/pages\/6498\/revisions"}],"predecessor-version":[{"id":7601,"href":"https:\/\/www.eurooppalainensuomi.fi\/index.php?rest_route=\/wp\/v2\/pages\/6498\/revisions\/7601"}],"wp:attachment":[{"href":"https:\/\/www.eurooppalainensuomi.fi\/index.php?rest_route=%2Fwp%2Fv2%2Fmedia&parent=6498"}],"curies":[{"name":"wp","href":"https:\/\/api.w.org\/{rel}","templated":true}]}}