{"id":6485,"date":"2025-11-17T16:01:38","date_gmt":"2025-11-17T14:01:38","guid":{"rendered":"https:\/\/www.eurooppalainensuomi.fi\/?page_id=6485"},"modified":"2025-12-10T12:54:51","modified_gmt":"2025-12-10T10:54:51","slug":"european-movement-international","status":"publish","type":"page","link":"https:\/\/www.eurooppalainensuomi.fi\/european-movement-international","title":{"rendered":"European Movement International"},"content":{"rendered":"<p>[et_pb_section fb_built=&#8221;1&#8243; custom_padding_last_edited=&#8221;on|phone&#8221; _builder_version=&#8221;4.17.6&#8243; _module_preset=&#8221;default&#8221; background_image=&#8221;https:\/\/www.eurooppalainensuomi.fi\/wp-content\/uploads\/2025\/12\/European-Movement-International.jpg&#8221; custom_padding=&#8221;200px||200px||false|false&#8221; custom_padding_tablet=&#8221;200px||200px||false|false&#8221; custom_padding_phone=&#8221;80px||80px||false|false&#8221; da_disable_devices=&#8221;off|off|off&#8221; locked=&#8221;off&#8221; global_colors_info=&#8221;{}&#8221; da_is_popup=&#8221;off&#8221; da_exit_intent=&#8221;off&#8221; da_has_close=&#8221;on&#8221; da_alt_close=&#8221;off&#8221; da_dark_close=&#8221;off&#8221; da_not_modal=&#8221;on&#8221; da_is_singular=&#8221;off&#8221; da_with_loader=&#8221;off&#8221; da_has_shadow=&#8221;on&#8221;][et_pb_row _builder_version=&#8221;4.17.6&#8243; _module_preset=&#8221;default&#8221; global_colors_info=&#8221;{}&#8221;][et_pb_column type=&#8221;4_4&#8243; _builder_version=&#8221;4.17.6&#8243; _module_preset=&#8221;default&#8221; global_colors_info=&#8221;{}&#8221;][et_pb_text _builder_version=&#8221;4.17.6&#8243; _module_preset=&#8221;default&#8221; text_font=&#8221;Roboto Condensed|700|||||||&#8221; text_text_color=&#8221;#FFFFFF&#8221; text_font_size=&#8221;80px&#8221; text_line_height=&#8221;1em&#8221; hover_enabled=&#8221;0&#8243; text_font_size_tablet=&#8221;80px&#8221; text_font_size_phone=&#8221;60px&#8221; text_font_size_last_edited=&#8221;on|phone&#8221; locked=&#8221;off&#8221; global_colors_info=&#8221;{}&#8221; sticky_enabled=&#8221;0&#8243;]<\/p>\n<p>EUROPEAN MOVEMENT INTER&shy;NATIONAL<\/p>\n<p>[\/et_pb_text][\/et_pb_column][\/et_pb_row][\/et_pb_section][et_pb_section fb_built=&#8221;1&#8243; _builder_version=&#8221;4.17.6&#8243; _module_preset=&#8221;default&#8221; custom_padding=&#8221;||0px|||&#8221; da_disable_devices=&#8221;off|off|off&#8221; global_colors_info=&#8221;{}&#8221; da_is_popup=&#8221;off&#8221; da_exit_intent=&#8221;off&#8221; da_has_close=&#8221;on&#8221; da_alt_close=&#8221;off&#8221; da_dark_close=&#8221;off&#8221; da_not_modal=&#8221;on&#8221; da_is_singular=&#8221;off&#8221; da_with_loader=&#8221;off&#8221; da_has_shadow=&#8221;on&#8221;][et_pb_row column_structure=&#8221;1_2,1_2&#8243; _builder_version=&#8221;4.17.6&#8243; _module_preset=&#8221;default&#8221; global_colors_info=&#8221;{}&#8221;][et_pb_column type=&#8221;1_2&#8243; _builder_version=&#8221;4.17.6&#8243; _module_preset=&#8221;default&#8221; global_colors_info=&#8221;{}&#8221;][et_pb_text _builder_version=&#8221;4.17.6&#8243; _module_preset=&#8221;default&#8221; text_font=&#8221;Roboto Condensed||||||||&#8221; text_text_color=&#8221;#1A366D&#8221; text_font_size=&#8221;18px&#8221; text_line_height=&#8221;1.2em&#8221; locked=&#8221;off&#8221; global_colors_info=&#8221;{}&#8221;]<\/p>\n<p><span style=\"font-weight: 400;\">Eurooppalainen Suomi on yksi 39 kansallisesta j\u00e4senj\u00e4rjest\u00f6st\u00e4 <\/span><a href=\"https:\/\/europeanmovement.eu\"><span style=\"font-weight: 400;\">European Movement Internationalissa<\/span><\/a><span style=\"font-weight: 400;\"> (EMI), joka on vuonna 1948 perustettu koko Euroopan laajuinen verkosto. Voit lukea lis\u00e4\u00e4 EMIn j\u00e4senj\u00e4rjest\u00f6ist\u00e4 <\/span><a href=\"https:\/\/europeanmovement.eu\/members\/\"><span style=\"font-weight: 400;\">t\u00e4\u00e4lt\u00e4<\/span><\/a><span style=\"font-weight: 400;\">.<\/span><\/p>\n<p><span style=\"font-weight: 400;\">EMI on suurin koko Euroopan kattava Eurooppa-my\u00f6nteisten organisaatioiden verkosto. Se toimii 39 maassa ja kokoaa yhteen 36 kansainv\u00e4list\u00e4 j\u00e4rjest\u00f6\u00e4, tuoden yhteen eurooppalaista kansalaisyhteiskuntaa, yritysmaailmaa, ammattiliittoja, kansalaisj\u00e4rjest\u00f6j\u00e4, puolueita, paikallisviranomaisia ja akateemista maailmaa.<\/span><\/p>\n<p><span style=\"font-weight: 400;\">Perustamisestaan l\u00e4htien 70 vuotta sitten EMI on johdonmukaisesti edist\u00e4nyt eurooppalaista yhteisty\u00f6t\u00e4 ja integraatiota rauhan, demokratian, vapauden, solidaarisuuden, tasa-arvon, oikeudenmukaisuuden, ihmisoikeuksien kunnioittamisen ja oikeusvaltioperiaatteen pohjalta.<\/span><\/p>\n<p>[\/et_pb_text][\/et_pb_column][et_pb_column type=&#8221;1_2&#8243; _builder_version=&#8221;4.17.6&#8243; _module_preset=&#8221;default&#8221; global_colors_info=&#8221;{}&#8221;][et_pb_image src=&#8221;https:\/\/www.eurooppalainensuomi.fi\/wp-content\/uploads\/2022\/08\/Sivu-7-Kuva-4.jpg&#8221; title_text=&#8221;Sivu 7 Kuva 4&#8243; _builder_version=&#8221;4.17.6&#8243; _module_preset=&#8221;default&#8221; global_colors_info=&#8221;{}&#8221;][\/et_pb_image][\/et_pb_column][\/et_pb_row][\/et_pb_section][et_pb_section fb_built=&#8221;1&#8243; _builder_version=&#8221;4.17.6&#8243; _module_preset=&#8221;default&#8221; background_color=&#8221;#e4f6ff&#8221; custom_padding=&#8221;0px||0px|||&#8221; da_disable_devices=&#8221;off|off|off&#8221; global_colors_info=&#8221;{}&#8221; da_is_popup=&#8221;off&#8221; da_exit_intent=&#8221;off&#8221; da_has_close=&#8221;on&#8221; da_alt_close=&#8221;off&#8221; da_dark_close=&#8221;off&#8221; da_not_modal=&#8221;on&#8221; da_is_singular=&#8221;off&#8221; da_with_loader=&#8221;off&#8221; da_has_shadow=&#8221;on&#8221;][et_pb_row _builder_version=&#8221;4.17.6&#8243; _module_preset=&#8221;default&#8221; custom_padding=&#8221;0px|||||&#8221; global_colors_info=&#8221;{}&#8221;][et_pb_column type=&#8221;4_4&#8243; _builder_version=&#8221;4.17.6&#8243; _module_preset=&#8221;default&#8221; global_colors_info=&#8221;{}&#8221;][et_pb_text _builder_version=&#8221;4.17.6&#8243; _module_preset=&#8221;default&#8221; text_font=&#8221;Roboto Condensed||||||||&#8221; text_text_color=&#8221;#1A366D&#8221; text_font_size=&#8221;18px&#8221; text_line_height=&#8221;1.2em&#8221; locked=&#8221;off&#8221; global_colors_info=&#8221;{}&#8221;]<\/p>\n<p>&nbsp;<\/p>\n<p><span style=\"font-weight: 400;\">Nyky\u00e4\u00e4n EMI pyrkii tarjoamaan alustan, joka rohkaisee ja helpottaa kansalaisten ja eri alojen toimijoiden aktiivista osallistumista yhteisten eurooppalaisten ratkaisujen kehitt\u00e4miseen kohtaamiemme haasteiden ratkaisemiseksi. EMI toimii suunnann\u00e4ytt\u00e4j\u00e4n\u00e4 Eurooppaa koskevissa kysymyksiss\u00e4: se pyrkii her\u00e4ttelem\u00e4\u00e4n laajaa eurooppalaista kansalaiskeskustelua unionimme tulevaisuudesta, osallistamaan kansalaisia ja sidosryhmi\u00e4 heit\u00e4 koskeviin p\u00e4\u00e4t\u00f6ksiin sek\u00e4 vaikuttamaan p\u00e4\u00e4tt\u00e4jiin avoimen ja l\u00e4pin\u00e4kyv\u00e4n Euroopan puolesta.<\/span><\/p>\n<p><span style=\"font-weight: 400;\">EMIn tavoitteena on olla paikka, jossa kansalaisyhteiskunta, yritykset, ammattiliitot, kansalaisj\u00e4rjest\u00f6t, puolueet, paikallisviranomaiset ja akateeminen maailma kokoontuvat yhdess\u00e4 etsim\u00e4\u00e4n suuntaa yhteisen eurooppalaisen projektimme tulevaisuuteen. EMIn j\u00e4senet ovat mukana vaikuttamassa p\u00e4ivitt\u00e4iseen politiikan muotoiluun niill\u00e4 aloilla, jotka koskettavat heit\u00e4. EMI on paikka, jossa Eurooppalaisella Suomella on mahdollisuus keskustella t\u00e4rkeist\u00e4 EU-kysymyksist\u00e4 muita j\u00e4senmaita ja muita yhteiskunnan osa-alueita edustavien organisaatioiden kanssa ja vaikuttaa Euroopan tulevaisuudesta k\u00e4yt\u00e4v\u00e4\u00e4n keskusteluun.<\/span><\/p>\n<p>[\/et_pb_text][\/et_pb_column][\/et_pb_row][\/et_pb_section]<\/p>\n","protected":false},"excerpt":{"rendered":"<p>EUROPEAN MOVEMENT INTER&shy;NATIONALEurooppalainen Suomi on yksi 39 kansallisesta j\u00e4senj\u00e4rjest\u00f6st\u00e4 European Movement Internationalissa (EMI), joka on vuonna 1948 perustettu koko Euroopan laajuinen verkosto. Voit lukea lis\u00e4\u00e4 EMIn j\u00e4senj\u00e4rjest\u00f6ist\u00e4 t\u00e4\u00e4lt\u00e4. EMI on suurin koko Euroopan kattava Eurooppa-my\u00f6nteisten organisaatioiden verkosto. Se toimii 39 maassa ja kokoaa yhteen 36 kansainv\u00e4list\u00e4 j\u00e4rjest\u00f6\u00e4, tuoden yhteen eurooppalaista kansalaisyhteiskuntaa, yritysmaailmaa, ammattiliittoja, kansalaisj\u00e4rjest\u00f6j\u00e4, puolueita, [&hellip;]<\/p>\n","protected":false},"author":5,"featured_media":0,"parent":0,"menu_order":0,"comment_status":"closed","ping_status":"closed","template":"","meta":{"_et_pb_use_builder":"on","_et_pb_old_content":"","_et_gb_content_width":""},"yoast_head":"<!-- This site is optimized with the Yoast SEO plugin v19.13 - https:\/\/yoast.com\/wordpress\/plugins\/seo\/ -->\n<title>European Movement International - Eurooppalainen Suomi<\/title>\n<meta name=\"robots\" content=\"index, follow, max-snippet:-1, max-image-preview:large, max-video-preview:-1\" \/>\n<link rel=\"canonical\" href=\"https:\/\/www.eurooppalainensuomi.fi\/european-movement-international\" \/>\n<meta property=\"og:locale\" content=\"en_US\" \/>\n<meta property=\"og:type\" content=\"article\" \/>\n<meta property=\"og:title\" content=\"European Movement International - Eurooppalainen Suomi\" \/>\n<meta property=\"og:description\" content=\"EUROPEAN MOVEMENT INTER&shy;NATIONALEurooppalainen Suomi on yksi 39 kansallisesta j\u00e4senj\u00e4rjest\u00f6st\u00e4 European Movement Internationalissa (EMI), joka on vuonna 1948 perustettu koko Euroopan laajuinen verkosto. Voit lukea lis\u00e4\u00e4 EMIn j\u00e4senj\u00e4rjest\u00f6ist\u00e4 t\u00e4\u00e4lt\u00e4. EMI on suurin koko Euroopan kattava Eurooppa-my\u00f6nteisten organisaatioiden verkosto. Se toimii 39 maassa ja kokoaa yhteen 36 kansainv\u00e4list\u00e4 j\u00e4rjest\u00f6\u00e4, tuoden yhteen eurooppalaista kansalaisyhteiskuntaa, yritysmaailmaa, ammattiliittoja, kansalaisj\u00e4rjest\u00f6j\u00e4, puolueita, [&hellip;]\" \/>\n<meta property=\"og:url\" content=\"https:\/\/www.eurooppalainensuomi.fi\/european-movement-international\" \/>\n<meta property=\"og:site_name\" content=\"Eurooppalainen Suomi\" \/>\n<meta property=\"article:publisher\" content=\"https:\/\/www.facebook.com\/eurooppalainensuomi\" \/>\n<meta property=\"article:modified_time\" content=\"2025-12-10T10:54:51+00:00\" \/>\n<meta name=\"twitter:card\" content=\"summary_large_image\" \/>\n<meta name=\"twitter:site\" content=\"@em_finland\" \/>\n<script type=\"application\/ld+json\" class=\"yoast-schema-graph\">{\"@context\":\"https:\/\/schema.org\",\"@graph\":[{\"@type\":\"WebPage\",\"@id\":\"https:\/\/www.eurooppalainensuomi.fi\/european-movement-international\",\"url\":\"https:\/\/www.eurooppalainensuomi.fi\/european-movement-international\",\"name\":\"European Movement International - Eurooppalainen Suomi\",\"isPartOf\":{\"@id\":\"https:\/\/www.eurooppalainensuomi.fi\/#website\"},\"datePublished\":\"2025-11-17T14:01:38+00:00\",\"dateModified\":\"2025-12-10T10:54:51+00:00\",\"breadcrumb\":{\"@id\":\"https:\/\/www.eurooppalainensuomi.fi\/european-movement-international#breadcrumb\"},\"inLanguage\":\"en\",\"potentialAction\":[{\"@type\":\"ReadAction\",\"target\":[\"https:\/\/www.eurooppalainensuomi.fi\/european-movement-international\"]}]},{\"@type\":\"BreadcrumbList\",\"@id\":\"https:\/\/www.eurooppalainensuomi.fi\/european-movement-international#breadcrumb\",\"itemListElement\":[{\"@type\":\"ListItem\",\"position\":1,\"name\":\"Etusivu\",\"item\":\"https:\/\/www.eurooppalainensuomi.fi\/\"},{\"@type\":\"ListItem\",\"position\":2,\"name\":\"European Movement International\"}]},{\"@type\":\"WebSite\",\"@id\":\"https:\/\/www.eurooppalainensuomi.fi\/#website\",\"url\":\"https:\/\/www.eurooppalainensuomi.fi\/\",\"name\":\"Eurooppalainen Suomi\",\"description\":\"Parempaa Eurooppaa rakentamassa\",\"publisher\":{\"@id\":\"https:\/\/www.eurooppalainensuomi.fi\/#organization\"},\"potentialAction\":[{\"@type\":\"SearchAction\",\"target\":{\"@type\":\"EntryPoint\",\"urlTemplate\":\"https:\/\/www.eurooppalainensuomi.fi\/?s={search_term_string}\"},\"query-input\":\"required name=search_term_string\"}],\"inLanguage\":\"en\"},{\"@type\":\"Organization\",\"@id\":\"https:\/\/www.eurooppalainensuomi.fi\/#organization\",\"name\":\"Eurooppalainen Suomi ry\",\"url\":\"https:\/\/www.eurooppalainensuomi.fi\/\",\"logo\":{\"@type\":\"ImageObject\",\"inLanguage\":\"en\",\"@id\":\"https:\/\/www.eurooppalainensuomi.fi\/#\/schema\/logo\/image\/\",\"url\":\"https:\/\/www.eurooppalainensuomi.fi\/wp-content\/uploads\/2021\/01\/PNG_large.png\",\"contentUrl\":\"https:\/\/www.eurooppalainensuomi.fi\/wp-content\/uploads\/2021\/01\/PNG_large.png\",\"width\":586,\"height\":220,\"caption\":\"Eurooppalainen Suomi ry\"},\"image\":{\"@id\":\"https:\/\/www.eurooppalainensuomi.fi\/#\/schema\/logo\/image\/\"},\"sameAs\":[\"https:\/\/instagram.com\/eurooppalainensuomi\",\"https:\/\/www.youtube.com\/channel\/UCBeqyrm1ze2RinjeAYS_-Jg\",\"https:\/\/fi.wikipedia.org\/wiki\/Eurooppalainen_Suomi\",\"https:\/\/www.facebook.com\/eurooppalainensuomi\",\"https:\/\/twitter.com\/em_finland\"]}]}<\/script>\n<!-- \/ Yoast SEO plugin. -->","yoast_head_json":{"title":"European Movement International - Eurooppalainen Suomi","robots":{"index":"index","follow":"follow","max-snippet":"max-snippet:-1","max-image-preview":"max-image-preview:large","max-video-preview":"max-video-preview:-1"},"canonical":"https:\/\/www.eurooppalainensuomi.fi\/european-movement-international","og_locale":"en_US","og_type":"article","og_title":"European Movement International - Eurooppalainen Suomi","og_description":"EUROPEAN MOVEMENT INTER&shy;NATIONALEurooppalainen Suomi on yksi 39 kansallisesta j\u00e4senj\u00e4rjest\u00f6st\u00e4 European Movement Internationalissa (EMI), joka on vuonna 1948 perustettu koko Euroopan laajuinen verkosto. Voit lukea lis\u00e4\u00e4 EMIn j\u00e4senj\u00e4rjest\u00f6ist\u00e4 t\u00e4\u00e4lt\u00e4. EMI on suurin koko Euroopan kattava Eurooppa-my\u00f6nteisten organisaatioiden verkosto. Se toimii 39 maassa ja kokoaa yhteen 36 kansainv\u00e4list\u00e4 j\u00e4rjest\u00f6\u00e4, tuoden yhteen eurooppalaista kansalaisyhteiskuntaa, yritysmaailmaa, ammattiliittoja, kansalaisj\u00e4rjest\u00f6j\u00e4, puolueita, [&hellip;]","og_url":"https:\/\/www.eurooppalainensuomi.fi\/european-movement-international","og_site_name":"Eurooppalainen Suomi","article_publisher":"https:\/\/www.facebook.com\/eurooppalainensuomi","article_modified_time":"2025-12-10T10:54:51+00:00","twitter_card":"summary_large_image","twitter_site":"@em_finland","schema":{"@context":"https:\/\/schema.org","@graph":[{"@type":"WebPage","@id":"https:\/\/www.eurooppalainensuomi.fi\/european-movement-international","url":"https:\/\/www.eurooppalainensuomi.fi\/european-movement-international","name":"European Movement International - Eurooppalainen Suomi","isPartOf":{"@id":"https:\/\/www.eurooppalainensuomi.fi\/#website"},"datePublished":"2025-11-17T14:01:38+00:00","dateModified":"2025-12-10T10:54:51+00:00","breadcrumb":{"@id":"https:\/\/www.eurooppalainensuomi.fi\/european-movement-international#breadcrumb"},"inLanguage":"en","potentialAction":[{"@type":"ReadAction","target":["https:\/\/www.eurooppalainensuomi.fi\/european-movement-international"]}]},{"@type":"BreadcrumbList","@id":"https:\/\/www.eurooppalainensuomi.fi\/european-movement-international#breadcrumb","itemListElement":[{"@type":"ListItem","position":1,"name":"Etusivu","item":"https:\/\/www.eurooppalainensuomi.fi\/"},{"@type":"ListItem","position":2,"name":"European Movement International"}]},{"@type":"WebSite","@id":"https:\/\/www.eurooppalainensuomi.fi\/#website","url":"https:\/\/www.eurooppalainensuomi.fi\/","name":"Eurooppalainen Suomi","description":"Parempaa Eurooppaa rakentamassa","publisher":{"@id":"https:\/\/www.eurooppalainensuomi.fi\/#organization"},"potentialAction":[{"@type":"SearchAction","target":{"@type":"EntryPoint","urlTemplate":"https:\/\/www.eurooppalainensuomi.fi\/?s={search_term_string}"},"query-input":"required name=search_term_string"}],"inLanguage":"en"},{"@type":"Organization","@id":"https:\/\/www.eurooppalainensuomi.fi\/#organization","name":"Eurooppalainen Suomi ry","url":"https:\/\/www.eurooppalainensuomi.fi\/","logo":{"@type":"ImageObject","inLanguage":"en","@id":"https:\/\/www.eurooppalainensuomi.fi\/#\/schema\/logo\/image\/","url":"https:\/\/www.eurooppalainensuomi.fi\/wp-content\/uploads\/2021\/01\/PNG_large.png","contentUrl":"https:\/\/www.eurooppalainensuomi.fi\/wp-content\/uploads\/2021\/01\/PNG_large.png","width":586,"height":220,"caption":"Eurooppalainen Suomi ry"},"image":{"@id":"https:\/\/www.eurooppalainensuomi.fi\/#\/schema\/logo\/image\/"},"sameAs":["https:\/\/instagram.com\/eurooppalainensuomi","https:\/\/www.youtube.com\/channel\/UCBeqyrm1ze2RinjeAYS_-Jg","https:\/\/fi.wikipedia.org\/wiki\/Eurooppalainen_Suomi","https:\/\/www.facebook.com\/eurooppalainensuomi","https:\/\/twitter.com\/em_finland"]}]}},"_links":{"self":[{"href":"https:\/\/www.eurooppalainensuomi.fi\/index.php?rest_route=\/wp\/v2\/pages\/6485"}],"collection":[{"href":"https:\/\/www.eurooppalainensuomi.fi\/index.php?rest_route=\/wp\/v2\/pages"}],"about":[{"href":"https:\/\/www.eurooppalainensuomi.fi\/index.php?rest_route=\/wp\/v2\/types\/page"}],"author":[{"embeddable":true,"href":"https:\/\/www.eurooppalainensuomi.fi\/index.php?rest_route=\/wp\/v2\/users\/5"}],"replies":[{"embeddable":true,"href":"https:\/\/www.eurooppalainensuomi.fi\/index.php?rest_route=%2Fwp%2Fv2%2Fcomments&post=6485"}],"version-history":[{"count":11,"href":"https:\/\/www.eurooppalainensuomi.fi\/index.php?rest_route=\/wp\/v2\/pages\/6485\/revisions"}],"predecessor-version":[{"id":7599,"href":"https:\/\/www.eurooppalainensuomi.fi\/index.php?rest_route=\/wp\/v2\/pages\/6485\/revisions\/7599"}],"wp:attachment":[{"href":"https:\/\/www.eurooppalainensuomi.fi\/index.php?rest_route=%2Fwp%2Fv2%2Fmedia&parent=6485"}],"curies":[{"name":"wp","href":"https:\/\/api.w.org\/{rel}","templated":true}]}}